{"id":262,"date":"2025-05-15T10:36:07","date_gmt":"2025-05-15T13:36:07","guid":{"rendered":"https:\/\/www.gistm.ai\/?page_id=262"},"modified":"2025-05-16T16:09:20","modified_gmt":"2025-05-16T19:09:20","slug":"quem-somos","status":"publish","type":"page","link":"https:\/\/www.gistm.ai\/pt-br\/quem-somos\/","title":{"rendered":"Quem Somos"},"content":{"rendered":"\t\t<div data-elementor-type=\"wp-page\" data-elementor-id=\"262\" class=\"elementor elementor-262\" data-elementor-post-type=\"page\">\n\t\t\t\t<div class=\"elementor-element elementor-element-fce8f97 e-flex e-con-boxed e-con e-parent\" data-id=\"fce8f97\" data-element_type=\"container\" data-settings=\"{&quot;background_background&quot;:&quot;gradient&quot;}\">\n\t\t\t\t\t<div class=\"e-con-inner\">\n\t\t\t\t<div class=\"elementor-element elementor-element-48f3ad2 elementor-widget__width-initial elementor-widget-tablet__width-inherit elementor-widget-mobile__width-inherit elementor-widget elementor-widget-heading\" data-id=\"48f3ad2\" data-element_type=\"widget\" data-widget_type=\"heading.default\">\n\t\t\t\t\t<h2 class=\"elementor-heading-title elementor-size-default\">Quem Somos<\/h2>\t\t\t\t<\/div>\n\t\t\t\t<div class=\"elementor-element elementor-element-4ebb4bf elementor-align-center elementor-widget__width-initial elementor-widget-tablet__width-inherit elementor-widget-mobile__width-inherit elementor-widget elementor-widget-breadcrumbs\" data-id=\"4ebb4bf\" data-element_type=\"widget\" data-widget_type=\"breadcrumbs.default\">\n\t\t\t\t<div class=\"elementor-widget-container\">\n\t\t\t\t\t<nav><span class=\"last\">Home<\/span><\/nav>\t\t\t\t<\/div>\n\t\t\t\t<\/div>\n\t\t\t\t\t<\/div>\n\t\t\t\t<\/div>\n\t\t<div class=\"elementor-element elementor-element-4e0dd0f e-flex e-con-boxed e-con e-parent\" data-id=\"4e0dd0f\" data-element_type=\"container\">\n\t\t\t\t\t<div class=\"e-con-inner\">\n\t\t<div class=\"elementor-element elementor-element-a3f67b4 e-con-full e-flex e-con e-child\" data-id=\"a3f67b4\" data-element_type=\"container\">\n\t\t\t\t<div class=\"elementor-element elementor-element-83321b0 elementor-widget elementor-widget-heading\" data-id=\"83321b0\" data-element_type=\"widget\" data-widget_type=\"heading.default\">\n\t\t\t\t\t<h2 class=\"elementor-heading-title elementor-size-default\">Manifesto<\/h2>\t\t\t\t<\/div>\n\t\t\t\t<div class=\"elementor-element elementor-element-4f70125 elementor-widget elementor-widget-heading\" data-id=\"4f70125\" data-element_type=\"widget\" data-widget_type=\"heading.default\">\n\t\t\t\t\t<h6 class=\"elementor-heading-title elementor-size-default\">Conformidade Inteligente, \u00c9tica e Aut\u00f4noma<\/h6>\t\t\t\t<\/div>\n\t\t\t\t<div class=\"elementor-element elementor-element-80774cc elementor-widget elementor-widget-text-editor\" data-id=\"80774cc\" data-element_type=\"widget\" data-widget_type=\"text-editor.default\">\n\t\t\t\t\t\t\t\t\t<p>N\u00f3s, da Data Riders, acreditamos que o futuro da conformidade na minera\u00e7\u00e3o n\u00e3o precisa ser lento, opaco ou dependente. Acreditamos que \u00e9 poss\u00edvel unir tecnologia, \u00e9tica e agilidade para transformar uma obriga\u00e7\u00e3o regulat\u00f3ria em uma vantagem estrat\u00e9gica.<\/p><p>Durante anos, testemunhamos a realidade nas trincheiras da conformidade: auditorias manuais, processos confusos, pilhas de documentos, e sistemas que prendem os clientes em ciclos de depend\u00eancia. Foi a\u00ed que decidimos: isso precisa mudar.<\/p><p>Nasce ent\u00e3o o GISTM.ai, n\u00e3o como mais uma consultoria, mas como uma plataforma. Um copiloto digital que coloca o controle de volta nas m\u00e3os das empresas. Uma intelig\u00eancia artificial projetada para acelerar auditorias, eliminar erros e tornar a conformidade com o Padr\u00e3o Global da Ind\u00fastria para Gest\u00e3o de Rejeitos (GISTM) um processo claro, cont\u00ednuo e confi\u00e1vel.<\/p>\t\t\t\t\t\t\t\t<\/div>\n\t\t\t\t<div class=\"elementor-element elementor-element-e83f2ec elementor-widget elementor-widget-heading\" data-id=\"e83f2ec\" data-element_type=\"widget\" data-widget_type=\"heading.default\">\n\t\t\t\t\t<h3 class=\"elementor-heading-title elementor-size-default\">Temos como miss\u00e3o:<\/h3>\t\t\t\t<\/div>\n\t\t\t\t<div class=\"elementor-element elementor-element-0f9a9b6 elementor-icon-list--layout-traditional elementor-list-item-link-full_width elementor-widget elementor-widget-icon-list\" data-id=\"0f9a9b6\" data-element_type=\"widget\" data-widget_type=\"icon-list.default\">\n\t\t\t\t\t\t\t<ul class=\"elementor-icon-list-items\">\n\t\t\t\t\t\t\t<li class=\"elementor-icon-list-item\">\n\t\t\t\t\t\t\t\t\t\t\t<span class=\"elementor-icon-list-icon\">\n\t\t\t\t\t\t\t<svg aria-hidden=\"true\" class=\"e-font-icon-svg e-fas-caret-right\" viewBox=\"0 0 192 512\" xmlns=\"http:\/\/www.w3.org\/2000\/svg\"><path d=\"M0 384.662V127.338c0-17.818 21.543-26.741 34.142-14.142l128.662 128.662c7.81 7.81 7.81 20.474 0 28.284L34.142 398.804C21.543 411.404 0 402.48 0 384.662z\"><\/path><\/svg>\t\t\t\t\t\t<\/span>\n\t\t\t\t\t\t\t\t\t\t<span class=\"elementor-icon-list-text\">Romper com o modelo ultrapassado de conformidade como produto de consultoria.<\/span>\n\t\t\t\t\t\t\t\t\t<\/li>\n\t\t\t\t\t\t\t\t<li class=\"elementor-icon-list-item\">\n\t\t\t\t\t\t\t\t\t\t\t<span class=\"elementor-icon-list-icon\">\n\t\t\t\t\t\t\t<svg aria-hidden=\"true\" class=\"e-font-icon-svg e-fas-caret-right\" viewBox=\"0 0 192 512\" xmlns=\"http:\/\/www.w3.org\/2000\/svg\"><path d=\"M0 384.662V127.338c0-17.818 21.543-26.741 34.142-14.142l128.662 128.662c7.81 7.81 7.81 20.474 0 28.284L34.142 398.804C21.543 411.404 0 402.48 0 384.662z\"><\/path><\/svg>\t\t\t\t\t\t<\/span>\n\t\t\t\t\t\t\t\t\t\t<span class=\"elementor-icon-list-text\">Substituir horas fantasmas por resultados mensur\u00e1veis.<\/span>\n\t\t\t\t\t\t\t\t\t<\/li>\n\t\t\t\t\t\t\t\t<li class=\"elementor-icon-list-item\">\n\t\t\t\t\t\t\t\t\t\t\t<span class=\"elementor-icon-list-icon\">\n\t\t\t\t\t\t\t<svg aria-hidden=\"true\" class=\"e-font-icon-svg e-fas-caret-right\" viewBox=\"0 0 192 512\" xmlns=\"http:\/\/www.w3.org\/2000\/svg\"><path d=\"M0 384.662V127.338c0-17.818 21.543-26.741 34.142-14.142l128.662 128.662c7.81 7.81 7.81 20.474 0 28.284L34.142 398.804C21.543 411.404 0 402.48 0 384.662z\"><\/path><\/svg>\t\t\t\t\t\t<\/span>\n\t\t\t\t\t\t\t\t\t\t<span class=\"elementor-icon-list-text\">Combater a opacidade com total transpar\u00eancia.<\/span>\n\t\t\t\t\t\t\t\t\t<\/li>\n\t\t\t\t\t\t\t\t<li class=\"elementor-icon-list-item\">\n\t\t\t\t\t\t\t\t\t\t\t<span class=\"elementor-icon-list-icon\">\n\t\t\t\t\t\t\t<svg aria-hidden=\"true\" class=\"e-font-icon-svg e-fas-caret-right\" viewBox=\"0 0 192 512\" xmlns=\"http:\/\/www.w3.org\/2000\/svg\"><path d=\"M0 384.662V127.338c0-17.818 21.543-26.741 34.142-14.142l128.662 128.662c7.81 7.81 7.81 20.474 0 28.284L34.142 398.804C21.543 411.404 0 402.48 0 384.662z\"><\/path><\/svg>\t\t\t\t\t\t<\/span>\n\t\t\t\t\t\t\t\t\t\t<span class=\"elementor-icon-list-text\">Refor\u00e7ar a \u00e9tica como diferencial competitivo.<\/span>\n\t\t\t\t\t\t\t\t\t<\/li>\n\t\t\t\t\t\t\t\t<li class=\"elementor-icon-list-item\">\n\t\t\t\t\t\t\t\t\t\t\t<span class=\"elementor-icon-list-icon\">\n\t\t\t\t\t\t\t<svg aria-hidden=\"true\" class=\"e-font-icon-svg e-fas-caret-right\" viewBox=\"0 0 192 512\" xmlns=\"http:\/\/www.w3.org\/2000\/svg\"><path d=\"M0 384.662V127.338c0-17.818 21.543-26.741 34.142-14.142l128.662 128.662c7.81 7.81 7.81 20.474 0 28.284L34.142 398.804C21.543 411.404 0 402.48 0 384.662z\"><\/path><\/svg>\t\t\t\t\t\t<\/span>\n\t\t\t\t\t\t\t\t\t\t<span class=\"elementor-icon-list-text\">Dar voz ao cliente e autonomia aos gestores de risco.<\/span>\n\t\t\t\t\t\t\t\t\t<\/li>\n\t\t\t\t\t\t<\/ul>\n\t\t\t\t\t\t<\/div>\n\t\t\t\t<div class=\"elementor-element elementor-element-ed973a8 elementor-widget elementor-widget-heading\" data-id=\"ed973a8\" data-element_type=\"widget\" data-widget_type=\"heading.default\">\n\t\t\t\t\t<h3 class=\"elementor-heading-title elementor-size-default\">Acreditamos que:<\/h3>\t\t\t\t<\/div>\n\t\t\t\t<div class=\"elementor-element elementor-element-f723860 elementor-icon-list--layout-traditional elementor-list-item-link-full_width elementor-widget elementor-widget-icon-list\" data-id=\"f723860\" data-element_type=\"widget\" data-widget_type=\"icon-list.default\">\n\t\t\t\t\t\t\t<ul class=\"elementor-icon-list-items\">\n\t\t\t\t\t\t\t<li class=\"elementor-icon-list-item\">\n\t\t\t\t\t\t\t\t\t\t\t<span class=\"elementor-icon-list-icon\">\n\t\t\t\t\t\t\t<svg aria-hidden=\"true\" class=\"e-font-icon-svg e-fas-caret-right\" viewBox=\"0 0 192 512\" xmlns=\"http:\/\/www.w3.org\/2000\/svg\"><path d=\"M0 384.662V127.338c0-17.818 21.543-26.741 34.142-14.142l128.662 128.662c7.81 7.81 7.81 20.474 0 28.284L34.142 398.804C21.543 411.404 0 402.48 0 384.662z\"><\/path><\/svg>\t\t\t\t\t\t<\/span>\n\t\t\t\t\t\t\t\t\t\t<span class=\"elementor-icon-list-text\">Conformidade n\u00e3o precisa ser uma caixa-preta.<\/span>\n\t\t\t\t\t\t\t\t\t<\/li>\n\t\t\t\t\t\t\t\t<li class=\"elementor-icon-list-item\">\n\t\t\t\t\t\t\t\t\t\t\t<span class=\"elementor-icon-list-icon\">\n\t\t\t\t\t\t\t<svg aria-hidden=\"true\" class=\"e-font-icon-svg e-fas-caret-right\" viewBox=\"0 0 192 512\" xmlns=\"http:\/\/www.w3.org\/2000\/svg\"><path d=\"M0 384.662V127.338c0-17.818 21.543-26.741 34.142-14.142l128.662 128.662c7.81 7.81 7.81 20.474 0 28.284L34.142 398.804C21.543 411.404 0 402.48 0 384.662z\"><\/path><\/svg>\t\t\t\t\t\t<\/span>\n\t\t\t\t\t\t\t\t\t\t<span class=\"elementor-icon-list-text\">Agentes de IA podem trabalhar incansavelmente para garantir seguran\u00e7a e governan\u00e7a.<\/span>\n\t\t\t\t\t\t\t\t\t<\/li>\n\t\t\t\t\t\t\t\t<li class=\"elementor-icon-list-item\">\n\t\t\t\t\t\t\t\t\t\t\t<span class=\"elementor-icon-list-icon\">\n\t\t\t\t\t\t\t<svg aria-hidden=\"true\" class=\"e-font-icon-svg e-fas-caret-right\" viewBox=\"0 0 192 512\" xmlns=\"http:\/\/www.w3.org\/2000\/svg\"><path d=\"M0 384.662V127.338c0-17.818 21.543-26.741 34.142-14.142l128.662 128.662c7.81 7.81 7.81 20.474 0 28.284L34.142 398.804C21.543 411.404 0 402.48 0 384.662z\"><\/path><\/svg>\t\t\t\t\t\t<\/span>\n\t\t\t\t\t\t\t\t\t\t<span class=\"elementor-icon-list-text\">Relat\u00f3rios n\u00e3o devem demorar meses \u2014 podem ser gerados em minutos.<\/span>\n\t\t\t\t\t\t\t\t\t<\/li>\n\t\t\t\t\t\t\t\t<li class=\"elementor-icon-list-item\">\n\t\t\t\t\t\t\t\t\t\t\t<span class=\"elementor-icon-list-icon\">\n\t\t\t\t\t\t\t<svg aria-hidden=\"true\" class=\"e-font-icon-svg e-fas-caret-right\" viewBox=\"0 0 192 512\" xmlns=\"http:\/\/www.w3.org\/2000\/svg\"><path d=\"M0 384.662V127.338c0-17.818 21.543-26.741 34.142-14.142l128.662 128.662c7.81 7.81 7.81 20.474 0 28.284L34.142 398.804C21.543 411.404 0 402.48 0 384.662z\"><\/path><\/svg>\t\t\t\t\t\t<\/span>\n\t\t\t\t\t\t\t\t\t\t<span class=\"elementor-icon-list-text\">Um sistema de auditoria pode (e deve) ser resiliente, escal\u00e1vel e colaborativo.<\/span>\n\t\t\t\t\t\t\t\t\t<\/li>\n\t\t\t\t\t\t<\/ul>\n\t\t\t\t\t\t<\/div>\n\t\t\t\t<div class=\"elementor-element elementor-element-90e81c6 elementor-widget elementor-widget-text-editor\" data-id=\"90e81c6\" data-element_type=\"widget\" data-widget_type=\"text-editor.default\">\n\t\t\t\t\t\t\t\t\t<p><span style=\"font-weight: 400;\">Este manifesto nasce de uma viv\u00eancia pr\u00e1tica, de quem j\u00e1 auditou barragens, escreveu relat\u00f3rios e enfrentou prazos regulat\u00f3rios. Ele nasce da frustra\u00e7\u00e3o de ver tempo e recursos sendo desperdi\u00e7ados \u2014 mas sobretudo, da convic\u00e7\u00e3o de que podemos fazer diferente.<\/span><\/p>\t\t\t\t\t\t\t\t<\/div>\n\t\t\t\t<div class=\"elementor-element elementor-element-b6560ea elementor-widget elementor-widget-heading\" data-id=\"b6560ea\" data-element_type=\"widget\" data-widget_type=\"heading.default\">\n\t\t\t\t\t<h3 class=\"elementor-heading-title elementor-size-default\">Estamos aqui para transformar a conformidade de dentro para fora.<\/h3>\t\t\t\t<\/div>\n\t\t\t\t<div class=\"elementor-element elementor-element-373f24c elementor-widget elementor-widget-text-editor\" data-id=\"373f24c\" data-element_type=\"widget\" data-widget_type=\"text-editor.default\">\n\t\t\t\t\t\t\t\t\t<p><span style=\"font-weight: 400;\">N\u00e3o vendemos promessas. Entregamos tecnologia aplicada, agentes aut\u00f4nomos, dashboards em tempo real, e uma arquitetura pensada para tornar a conformidade um processo cont\u00ednuo e n\u00e3o um esfor\u00e7o pontual.<\/span><\/p><p><span style=\"font-weight: 400;\">Se voc\u00ea busca agilidade sem perder a precis\u00e3o. Se valoriza a \u00e9tica acima do faturamento f\u00e1cil. Se quer liderar a minera\u00e7\u00e3o com responsabilidade e transpar\u00eancia.<\/span><\/p>\t\t\t\t\t\t\t\t<\/div>\n\t\t\t\t<div class=\"elementor-element elementor-element-9a03f31 elementor-widget elementor-widget-heading\" data-id=\"9a03f31\" data-element_type=\"widget\" data-widget_type=\"heading.default\">\n\t\t\t\t\t<h3 class=\"elementor-heading-title elementor-size-default\">Voc\u00ea j\u00e1 faz parte dessa revolu\u00e7\u00e3o.<\/h3>\t\t\t\t<\/div>\n\t\t\t\t<div class=\"elementor-element elementor-element-440d4ca elementor-widget elementor-widget-text-editor\" data-id=\"440d4ca\" data-element_type=\"widget\" data-widget_type=\"text-editor.default\">\n\t\t\t\t\t\t\t\t\t<p>Bem-vindo ao GISTM.ai<\/p><p>O futuro da conformidade \u00e9 inteligente. \u00c9 \u00e9tico. \u00c9 aut\u00f4nomo. E ele j\u00e1 come\u00e7ou.<\/p>\t\t\t\t\t\t\t\t<\/div>\n\t\t\t\t<\/div>\n\t\t\t\t\t<\/div>\n\t\t\t\t<\/div>\n\t\t<div class=\"elementor-element elementor-element-c8dad7c e-flex e-con-boxed e-con e-parent\" data-id=\"c8dad7c\" data-element_type=\"container\">\n\t\t\t\t\t<div class=\"e-con-inner\">\n\t\t<div class=\"elementor-element elementor-element-0bc5eca e-con-full e-flex e-con e-child\" data-id=\"0bc5eca\" data-element_type=\"container\">\n\t\t\t\t<div class=\"elementor-element elementor-element-f2c3426 elementor-widget elementor-widget-heading\" data-id=\"f2c3426\" data-element_type=\"widget\" data-widget_type=\"heading.default\">\n\t\t\t\t\t<h2 class=\"elementor-heading-title elementor-size-default\">Hist\u00f3ria<\/h2>\t\t\t\t<\/div>\n\t\t\t\t<div class=\"elementor-element elementor-element-5c9d5d4 elementor-widget elementor-widget-heading\" data-id=\"5c9d5d4\" data-element_type=\"widget\" data-widget_type=\"heading.default\">\n\t\t\t\t\t<h6 class=\"elementor-heading-title elementor-size-default\">Desde 2018 atuando na vanguarda da minera\u00e7\u00e3o<\/h6>\t\t\t\t<\/div>\n\t\t\t\t<div class=\"elementor-element elementor-element-beef702 elementor-widget elementor-widget-text-editor\" data-id=\"beef702\" data-element_type=\"widget\" data-widget_type=\"text-editor.default\">\n\t\t\t\t\t\t\t\t\t<p><span style=\"font-weight: 400;\">A Data Riders Consulting \u00e9 uma empresa de consultoria brasileira especializada em gest\u00e3o para a ind\u00fastria de minera\u00e7\u00e3o, com foco na implementa\u00e7\u00e3o de melhores pr\u00e1ticas globais de sustentabilidade e na otimiza\u00e7\u00e3o e seguran\u00e7a de ativos geot\u00e9cnicos cr\u00edticos.<\/span><\/p><p><span style=\"font-weight: 400;\">A empresa conta com uma equipe qualificada e experiente e se destaca no mercado por possuir certifica\u00e7\u00f5es renomadas. Entre elas, ser uma Verificadora de TSM (Towards Sustainable Mining) pela MAC (Mining Association of Canada) e Avaliadora de Gest\u00e3o de Rejeitos pela The Copper Mark. Essas certifica\u00e7\u00f5es demonstram o comprometimento da Data Riders com as melhores pr\u00e1ticas em sustentabilidade, gest\u00e3o de rejeitos e sistemas de gest\u00e3o ambiental.<\/span><\/p><p><span style=\"font-weight: 400;\">A Data Riders oferece uma gama abrangente de servi\u00e7os, incluindo a implementa\u00e7\u00e3o de sistemas de gest\u00e3o de barragens e rejeitos, an\u00e1lise de lacunas para garantir a conformidade com o GISTM e estrutura\u00e7\u00e3o organizacional para otimizar processos e fortalecer estruturas de governan\u00e7a. A empresa tamb\u00e9m \u00e9 especializada no desenvolvimento e revis\u00e3o de documentos regulat\u00f3rios e procedimentos t\u00e9cnicos relacionados a rejeitos, \u00e1gua e HSE (Sa\u00fade, Seguran\u00e7a e Meio Ambiente), al\u00e9m de fornecer metodologias de gerenciamento de mudan\u00e7as e gerenciamento de conhecimento para promover a ado\u00e7\u00e3o de melhores pr\u00e1ticas. Al\u00e9m disso, a Data Riders fornece consultoria especializada em sistemas de gerenciamento e conformidade, com foco na aplica\u00e7\u00e3o e auditoria de padr\u00f5es globais como TSM e The Copper Mark, garantindo excel\u00eancia e alinhamento com as melhores pr\u00e1ticas internacionais.<\/span><\/p>\t\t\t\t\t\t\t\t<\/div>\n\t\t\t\t<\/div>\n\t\t\t\t\t<\/div>\n\t\t\t\t<\/div>\n\t\t\t\t<\/div>\n\t\t","protected":false},"excerpt":{"rendered":"<p>Home Manifesto Conformidade Inteligente, \u00c9tica e Aut\u00f4noma N\u00f3s, da Data Riders, acreditamos que o futuro da conformidade na minera\u00e7\u00e3o n\u00e3o precisa ser lento, opaco ou dependente. Acreditamos que \u00e9 poss\u00edvel unir tecnologia, \u00e9tica e agilidade para transformar uma obriga\u00e7\u00e3o regulat\u00f3ria em uma vantagem estrat\u00e9gica. Durante anos, testemunhamos a realidade nas trincheiras da conformidade: auditorias manuais, [&hellip;]<\/p>\n","protected":false},"author":1,"featured_media":30,"parent":0,"menu_order":0,"comment_status":"closed","ping_status":"closed","template":"","meta":{"footnotes":""},"class_list":["post-262","page","type-page","status-publish","has-post-thumbnail","hentry"],"_links":{"self":[{"href":"https:\/\/www.gistm.ai\/pt-br\/wp-json\/wp\/v2\/pages\/262","targetHints":{"allow":["GET"]}}],"collection":[{"href":"https:\/\/www.gistm.ai\/pt-br\/wp-json\/wp\/v2\/pages"}],"about":[{"href":"https:\/\/www.gistm.ai\/pt-br\/wp-json\/wp\/v2\/types\/page"}],"author":[{"embeddable":true,"href":"https:\/\/www.gistm.ai\/pt-br\/wp-json\/wp\/v2\/users\/1"}],"replies":[{"embeddable":true,"href":"https:\/\/www.gistm.ai\/pt-br\/wp-json\/wp\/v2\/comments?post=262"}],"version-history":[{"count":43,"href":"https:\/\/www.gistm.ai\/pt-br\/wp-json\/wp\/v2\/pages\/262\/revisions"}],"predecessor-version":[{"id":567,"href":"https:\/\/www.gistm.ai\/pt-br\/wp-json\/wp\/v2\/pages\/262\/revisions\/567"}],"wp:featuredmedia":[{"embeddable":true,"href":"https:\/\/www.gistm.ai\/pt-br\/wp-json\/wp\/v2\/media\/30"}],"wp:attachment":[{"href":"https:\/\/www.gistm.ai\/pt-br\/wp-json\/wp\/v2\/media?parent=262"}],"curies":[{"name":"wp","href":"https:\/\/api.w.org\/{rel}","templated":true}]}}