{"id":596,"date":"2025-05-16T18:03:18","date_gmt":"2025-05-16T21:03:18","guid":{"rendered":"https:\/\/www.gistm.ai\/pt-br\/?page_id=596"},"modified":"2025-05-16T18:04:52","modified_gmt":"2025-05-16T21:04:52","slug":"termos-de-uso","status":"publish","type":"page","link":"https:\/\/www.gistm.ai\/pt-br\/termos-de-uso\/","title":{"rendered":"Termos de Uso"},"content":{"rendered":"\t\t<div data-elementor-type=\"wp-page\" data-elementor-id=\"596\" class=\"elementor elementor-596\" data-elementor-post-type=\"page\">\n\t\t\t\t<div class=\"elementor-element elementor-element-3f99ac5 e-flex e-con-boxed e-con e-parent\" data-id=\"3f99ac5\" data-element_type=\"container\" data-settings=\"{&quot;background_background&quot;:&quot;gradient&quot;}\">\n\t\t\t\t\t<div class=\"e-con-inner\">\n\t\t\t\t<div class=\"elementor-element elementor-element-d4ee5c9 elementor-widget__width-initial elementor-widget-tablet__width-inherit elementor-widget-mobile__width-inherit elementor-widget elementor-widget-heading\" data-id=\"d4ee5c9\" data-element_type=\"widget\" data-widget_type=\"heading.default\">\n\t\t\t\t\t<h2 class=\"elementor-heading-title elementor-size-default\">Termos de Uso<\/h2>\t\t\t\t<\/div>\n\t\t\t\t<div class=\"elementor-element elementor-element-bd667ea elementor-align-center elementor-widget__width-initial elementor-widget-tablet__width-inherit elementor-widget-mobile__width-inherit elementor-widget elementor-widget-breadcrumbs\" data-id=\"bd667ea\" data-element_type=\"widget\" data-widget_type=\"breadcrumbs.default\">\n\t\t\t\t<div class=\"elementor-widget-container\">\n\t\t\t\t\t<nav><span class=\"last\">Home<\/span><\/nav>\t\t\t\t<\/div>\n\t\t\t\t<\/div>\n\t\t\t\t\t<\/div>\n\t\t\t\t<\/div>\n\t\t<div class=\"elementor-element elementor-element-53148ce e-flex e-con-boxed e-con e-parent\" data-id=\"53148ce\" data-element_type=\"container\">\n\t\t\t\t\t<div class=\"e-con-inner\">\n\t\t<div class=\"elementor-element elementor-element-e3b5665 e-con-full e-flex e-con e-child\" data-id=\"e3b5665\" data-element_type=\"container\">\n\t\t\t\t<div class=\"elementor-element elementor-element-f3bac48 elementor-widget elementor-widget-text-editor\" data-id=\"f3bac48\" data-element_type=\"widget\" data-widget_type=\"text-editor.default\">\n\t\t\t\t\t\t\t\t\t<h2><strong>1. Introdu\u00e7\u00e3o<\/strong><\/h2><p>Bem-vindo ao GISTM.ai.\u00a0Ao acessar e utilizar nosso site, voc\u00ea concorda com os presentes Termos de Uso. Caso n\u00e3o concorde com qualquer disposi\u00e7\u00e3o, recomendamos que n\u00e3o utilize nossos servi\u00e7os.<\/p><h2><strong>2. Defini\u00e7\u00f5es<\/strong><\/h2><ul><li><p><strong>Usu\u00e1rio<\/strong>: Qualquer pessoa que acessa ou interage com o site.<\/p><\/li><li><p><strong>Servi\u00e7os<\/strong>: Funcionalidades, conte\u00fados e informa\u00e7\u00f5es disponibilizadas pelo GISTM.ai.<\/p><\/li><li><p><strong>Dados Pessoais<\/strong>: Informa\u00e7\u00f5es que identificam ou podem identificar um indiv\u00edduo, conforme definido pela <strong>LGPD, GDPR e CCPA<\/strong>.<\/p><\/li><\/ul><h2><strong>3. Uso do Site<\/strong><\/h2><p>O usu\u00e1rio se compromete a:<\/p><ul><li><p>Utilizar o site de forma \u00e9tica e legal;<\/p><\/li><li><p>N\u00e3o praticar atividades que possam comprometer a seguran\u00e7a ou funcionamento do site;<\/p><\/li><li><p>N\u00e3o utilizar informa\u00e7\u00f5es do site para fins il\u00edcitos ou n\u00e3o autorizados.<\/p><\/li><\/ul><h2><strong>4. Propriedade Intelectual<\/strong><\/h2><p>Todo o conte\u00fado do GISTM.ai, incluindo\u00a0textos, imagens, logotipos e marcas, \u00e9 protegido por direitos autorais e propriedade intelectual. O uso n\u00e3o autorizado pode resultar em penalidades legais.<\/p><h2><strong>5. Privacidade e Prote\u00e7\u00e3o de Dados<\/strong><\/h2><p>O tratamento de dados pessoais segue as diretrizes da <strong>LGPD, GDPR e CCPA<\/strong>. Para mais informa\u00e7\u00f5es, consulte nossa <strong>Pol\u00edtica de Privacidade<\/strong>.<\/p><h2><strong>6. Limita\u00e7\u00e3o de Responsabilidade<\/strong><\/h2><p>O GISTM.ai n\u00e3o se responsabiliza por:<\/p><ul><li><p>Erros ou interrup\u00e7\u00f5es no funcionamento do site;<\/p><\/li><li><p>Uso indevido das informa\u00e7\u00f5es disponibilizadas;<\/p><\/li><li><p>Conte\u00fados de terceiros acessados por meio de links externos.<\/p><\/li><\/ul><h2><strong>7. Modifica\u00e7\u00f5es nos Termos<\/strong><\/h2><p>Podemos atualizar estes Termos de Uso periodicamente. As altera\u00e7\u00f5es entram em vigor a partir da publica\u00e7\u00e3o no site. Recomendamos que os usu\u00e1rios revisem esta p\u00e1gina regularmente.<\/p><h2><strong>8. Lei Aplic\u00e1vel<\/strong><\/h2><p>Estes Termos de Uso s\u00e3o regidos pelas leis aplic\u00e1veis, incluindo a <strong>LGPD, GDPR e CCPA<\/strong>, conforme o local de acesso do usu\u00e1rio.<\/p><h2><strong>9. Contato<\/strong><\/h2><p>Caso tenha d\u00favidas sobre estes Termos de Uso, entre em contato conosco pelo e-mail: <strong>hi@datariders.com.br<\/strong>.<\/p>\t\t\t\t\t\t\t\t<\/div>\n\t\t\t\t<\/div>\n\t\t\t\t\t<\/div>\n\t\t\t\t<\/div>\n\t\t\t\t<\/div>\n\t\t","protected":false},"excerpt":{"rendered":"<p>Home 1. Introdu\u00e7\u00e3o Bem-vindo ao GISTM.ai.\u00a0Ao acessar e utilizar nosso site, voc\u00ea concorda com os presentes Termos de Uso. Caso n\u00e3o concorde com qualquer disposi\u00e7\u00e3o, recomendamos que n\u00e3o utilize nossos servi\u00e7os. 2. Defini\u00e7\u00f5es Usu\u00e1rio: Qualquer pessoa que acessa ou interage com o site. Servi\u00e7os: Funcionalidades, conte\u00fados e informa\u00e7\u00f5es disponibilizadas pelo GISTM.ai. Dados Pessoais: Informa\u00e7\u00f5es que [&hellip;]<\/p>\n","protected":false},"author":1,"featured_media":30,"parent":0,"menu_order":0,"comment_status":"closed","ping_status":"closed","template":"","meta":{"footnotes":""},"class_list":["post-596","page","type-page","status-publish","has-post-thumbnail","hentry"],"_links":{"self":[{"href":"https:\/\/www.gistm.ai\/pt-br\/wp-json\/wp\/v2\/pages\/596","targetHints":{"allow":["GET"]}}],"collection":[{"href":"https:\/\/www.gistm.ai\/pt-br\/wp-json\/wp\/v2\/pages"}],"about":[{"href":"https:\/\/www.gistm.ai\/pt-br\/wp-json\/wp\/v2\/types\/page"}],"author":[{"embeddable":true,"href":"https:\/\/www.gistm.ai\/pt-br\/wp-json\/wp\/v2\/users\/1"}],"replies":[{"embeddable":true,"href":"https:\/\/www.gistm.ai\/pt-br\/wp-json\/wp\/v2\/comments?post=596"}],"version-history":[{"count":4,"href":"https:\/\/www.gistm.ai\/pt-br\/wp-json\/wp\/v2\/pages\/596\/revisions"}],"predecessor-version":[{"id":607,"href":"https:\/\/www.gistm.ai\/pt-br\/wp-json\/wp\/v2\/pages\/596\/revisions\/607"}],"wp:featuredmedia":[{"embeddable":true,"href":"https:\/\/www.gistm.ai\/pt-br\/wp-json\/wp\/v2\/media\/30"}],"wp:attachment":[{"href":"https:\/\/www.gistm.ai\/pt-br\/wp-json\/wp\/v2\/media?parent=596"}],"curies":[{"name":"wp","href":"https:\/\/api.w.org\/{rel}","templated":true}]}}